{"id":55,"date":"2025-03-24T14:20:50","date_gmt":"2025-03-24T14:20:50","guid":{"rendered":"https:\/\/www.pookinherkkutehdas.fi\/?page_id=55"},"modified":"2025-03-25T15:41:10","modified_gmt":"2025-03-25T15:41:10","slug":"pookin-kinuski","status":"publish","type":"page","link":"https:\/\/www.pookinherkkutehdas.fi\/index.php\/pookin-kinuski\/","title":{"rendered":"Pookin Kinuski"},"content":{"rendered":"[et_pb_section fb_built=&#8221;1&#8243; admin_label=&#8221;section&#8221; _builder_version=&#8221;4.23.1&#8243; background_image=&#8221;http:\/\/www.pookinherkkutehdas.fi\/wp-content\/uploads\/2025\/03\/Pooki21of54-scaled.jpg&#8221; custom_padding=&#8221;54px||54px||false|&#8221; global_colors_info=&#8221;{}&#8221;][et_pb_row column_structure=&#8221;2_3,1_3&#8243; _builder_version=&#8221;4.23.1&#8243; _module_preset=&#8221;default&#8221; custom_padding=&#8221;30px|||||&#8221; global_colors_info=&#8221;{}&#8221;][et_pb_column type=&#8221;2_3&#8243; _builder_version=&#8221;4.23.1&#8243; _module_preset=&#8221;default&#8221; global_colors_info=&#8221;{}&#8221;][et_pb_text _builder_version=&#8221;4.23.1&#8243; _module_preset=&#8221;default&#8221; text_font=&#8221;Roboto||||||||&#8221; text_text_color=&#8221;#000000&#8243; text_font_size=&#8221;34px&#8221; min_height=&#8221;15.8px&#8221; text_text_shadow_style=&#8221;preset3&#8243; text_text_shadow_color=&#8221;#FFFFFF&#8221; global_colors_info=&#8221;{}&#8221;]<p style=\"text-align: center;\">Pookin Kinuski<\/p>[\/et_pb_text][et_pb_text _builder_version=&#8221;4.23.1&#8243; _module_preset=&#8221;default&#8221; text_font=&#8221;Roboto||||||||&#8221; text_text_color=&#8221;#000000&#8243; text_font_size=&#8221;23px&#8221; min_height=&#8221;271.2px&#8221; custom_margin=&#8221;64px|||||&#8221; custom_padding=&#8221;0px|||||&#8221; hover_enabled=&#8221;0&#8243; text_font_tablet=&#8221;Roboto||||||||&#8221; text_font_phone=&#8221;Roboto||||||||&#8221; text_font_last_edited=&#8221;on|phone&#8221; text_text_color_tablet=&#8221;#000000&#8243; text_text_color_phone=&#8221;#000000&#8243; text_text_color_last_edited=&#8221;on|desktop&#8221; text_text_shadow_style=&#8221;preset3&#8243; text_text_shadow_color=&#8221;#FFFFFF&#8221; text_text_shadow_horizontal_length_tablet=&#8221;&#8221; text_text_shadow_horizontal_length_phone=&#8221;&#8221; text_text_shadow_horizontal_length_last_edited=&#8221;on|phone&#8221; global_colors_info=&#8221;{}&#8221; sticky_enabled=&#8221;0&#8243;]<p><\/p>\n<p style=\"text-align: center;\">Kinuskikastikkeemme valmistetaan yksinkertaisella reseptill\u00e4 ilman taikatemppuja. Temppujen sijasta tuotteeseen k\u00e4ytet\u00e4\u00e4n aikaa ja rakkautta, jotta saavutetaan t\u00e4ydellinen tasapaino tummaa ja aromikasta karamellisoitumista, sek\u00e4 suussasulavaa makeutta. Koostumukseltaan levittyv\u00e4\u00e4 mutta j\u00e4m\u00e4kk\u00e4\u00e4 kinuskia voi k\u00e4ytt\u00e4\u00e4 sellaisenaan koristelemaan j\u00e4lkiruokia, tai vaikkapa suoraan marjojen ja hedelmien p\u00e4\u00e4ll\u00e4. Sit\u00e4 voidaan my\u00f6s hy\u00f6dynt\u00e4\u00e4 leivontaan. Kovimmat fanit maistelevat suoraan purkista &#8211; me emme tuomitse! Parhaimmillaan kinuski on kevyesti l\u00e4mmitettyn\u00e4 hyv\u00e4ss\u00e4 seurassa.<\/p>[\/et_pb_text][\/et_pb_column][et_pb_column type=&#8221;1_3&#8243; _builder_version=&#8221;4.23.1&#8243; _module_preset=&#8221;default&#8221; global_colors_info=&#8221;{}&#8221;][\/et_pb_column][\/et_pb_row][et_pb_row _builder_version=&#8221;4.23.1&#8243; _module_preset=&#8221;default&#8221; min_height=&#8221;271px&#8221; custom_margin=&#8221;150px|auto|-116px|auto||&#8221; custom_padding=&#8221;98px|||||&#8221; global_colors_info=&#8221;{}&#8221;][et_pb_column type=&#8221;4_4&#8243; _builder_version=&#8221;4.23.1&#8243; _module_preset=&#8221;default&#8221; global_colors_info=&#8221;{}&#8221;][\/et_pb_column][\/et_pb_row][\/et_pb_section]","protected":false},"excerpt":{"rendered":"<p>Pookin Kinuski Kinuskikastikkeemme valmistetaan yksinkertaisella reseptill\u00e4 ilman taikatemppuja. Temppujen sijasta tuotteeseen k\u00e4ytet\u00e4\u00e4n aikaa ja rakkautta, jotta saavutetaan t\u00e4ydellinen tasapaino tummaa ja aromikasta karamellisoitumista, sek\u00e4 suussasulavaa makeutta. Koostumukseltaan levittyv\u00e4\u00e4 mutta j\u00e4m\u00e4kk\u00e4\u00e4 kinuskia voi k\u00e4ytt\u00e4\u00e4 sellaisenaan koristelemaan j\u00e4lkiruokia, tai vaikkapa suoraan marjojen ja hedelmien p\u00e4\u00e4ll\u00e4. Sit\u00e4 voidaan my\u00f6s hy\u00f6dynt\u00e4\u00e4 leivontaan. Kovimmat fanit maistelevat suoraan purkista &#8211; me [&hellip;]<\/p>\n","protected":false},"author":1,"featured_media":0,"parent":0,"menu_order":0,"comment_status":"closed","ping_status":"closed","template":"","meta":{"_et_pb_use_builder":"on","_et_pb_old_content":"<!-- wp:paragraph -->\n<p>Kinuskikastikkeemme valmistetaan yksinkertaisella reseptill\u00e4 ilman taikatemppuja. Temppujen<br>sijasta tuotteeseen k\u00e4ytet\u00e4\u00e4n aikaa ja rakkautta, jotta saavutetaan t\u00e4ydellinen tasapaino tummaa ja<br>aromikasta karamellisoitumista, sek\u00e4 suussasulavaa makeutta. Koostumukseltaan levittyv\u00e4\u00e4 mutta<br>j\u00e4m\u00e4kk\u00e4\u00e4 kinuskia voi k\u00e4ytt\u00e4\u00e4 sellaisenaan koristelemaan j\u00e4lkiruokia, tai vaikkapa suoraan<br>marjojen ja hedelmien p\u00e4\u00e4ll\u00e4. Sit\u00e4 voidaan my\u00f6s hy\u00f6dynt\u00e4\u00e4 leivontaan. Kovimmat fanit maistelevat<br>suoraan purkista - me emme tuomitse!<br>Parhaimmillaan kinuski on kevyesti l\u00e4mmitettyn\u00e4 hyv\u00e4ss\u00e4 seurassa.<\/p>\n<!-- \/wp:paragraph -->","_et_gb_content_width":"","footnotes":""},"class_list":["post-55","page","type-page","status-publish","hentry"],"_links":{"self":[{"href":"https:\/\/www.pookinherkkutehdas.fi\/index.php\/wp-json\/wp\/v2\/pages\/55","targetHints":{"allow":["GET"]}}],"collection":[{"href":"https:\/\/www.pookinherkkutehdas.fi\/index.php\/wp-json\/wp\/v2\/pages"}],"about":[{"href":"https:\/\/www.pookinherkkutehdas.fi\/index.php\/wp-json\/wp\/v2\/types\/page"}],"author":[{"embeddable":true,"href":"https:\/\/www.pookinherkkutehdas.fi\/index.php\/wp-json\/wp\/v2\/users\/1"}],"replies":[{"embeddable":true,"href":"https:\/\/www.pookinherkkutehdas.fi\/index.php\/wp-json\/wp\/v2\/comments?post=55"}],"version-history":[{"count":14,"href":"https:\/\/www.pookinherkkutehdas.fi\/index.php\/wp-json\/wp\/v2\/pages\/55\/revisions"}],"predecessor-version":[{"id":151,"href":"https:\/\/www.pookinherkkutehdas.fi\/index.php\/wp-json\/wp\/v2\/pages\/55\/revisions\/151"}],"wp:attachment":[{"href":"https:\/\/www.pookinherkkutehdas.fi\/index.php\/wp-json\/wp\/v2\/media?parent=55"}],"curies":[{"name":"wp","href":"https:\/\/api.w.org\/{rel}","templated":true}]}}